{"id":34357,"date":"2024-12-19T13:42:03","date_gmt":"2025-01-21T17:36:21","guid":{"rendered":"https:\/\/avalanchequebec.ca\/produit\/25-years-poster\/"},"modified":"2025-01-21T12:36:21","modified_gmt":"2025-01-21T17:36:21","slug":"25-years-poster","status":"publish","type":"product","link":"https:\/\/avalanchequebec.ca\/en\/product\/25-years-poster\/","title":{"rendered":"25 years poster"},"content":{"rendered":"<p>Add an artistic, local touch to your d\u00e9cor while supporting Quebec talent. To mark our 25th anniversary, we collaborated with our in-house illustrator, Catheryne Boss\u00e9, who created a unique work inspired by the Gasp\u00e9 Peninsula Park. This illustration was carefully printed in Quebec, in Photosynth\u00e8se&#8217;s workshops, on top-quality cardboard. The format is 12 x 18 inches. Product features :   <\/p>\n<ul>\n<li><strong>Professional-quality printing<\/strong> on fine paper<\/li>\n<li><strong>100% Qu\u00e9bec product<\/strong><\/li>\n<li><strong>Slightly satin finish<\/strong><\/li>\n<li><strong>Local illustration<\/strong><\/li>\n<\/ul>\n<p><strong>Important note:<\/strong> Only the poster is included in the order. The frame is not included. To save on shipping costs, which are effectively as expensive as the poster itself, don&#8217;t hesitate to make an appointment with us to come and pick it up, on weekdays, at our Cap-Seize offices.  <\/p>\n","protected":false},"excerpt":{"rendered":"<p>Add an artistic, local touch to your d\u00e9cor while supporting Quebec talent. To mark our 25th anniversary, we collaborated with our in-house illustrator, Catheryne Boss\u00e9, who created a unique work inspired by the Gasp\u00e9 Peninsula Park. This illustration was carefully printed in Quebec, in Photosynth\u00e8se&#8217;s workshops, on top-quality cardboard. The format is 12 x 18 [&hellip;]<\/p>\n","protected":false},"featured_media":33853,"template":"","meta":{"_seopress_robots_primary_cat":"none","_seopress_titles_title":"","_seopress_titles_desc":"","_seopress_robots_index":"","site-sidebar-layout":"default","site-content-layout":"default","ast-site-content-layout":"default","site-content-style":"default","site-sidebar-style":"default","ast-global-header-display":"","ast-banner-title-visibility":"","ast-main-header-display":"","ast-hfb-above-header-display":"","ast-hfb-below-header-display":"","ast-hfb-mobile-header-display":"","site-post-title":"","ast-breadcrumbs-content":"","ast-featured-img":"","footer-sml-layout":"","ast-disable-related-posts":"","theme-transparent-header-meta":"default","adv-header-id-meta":"","stick-header-meta":"default","header-above-stick-meta":"","header-main-stick-meta":"","header-below-stick-meta":"","astra-migrate-meta-layouts":"default","ast-page-background-enabled":"default","ast-page-background-meta":{"desktop":{"background-color":"","background-image":"","background-repeat":"repeat","background-position":"center center","background-size":"auto","background-attachment":"scroll","background-type":"","background-media":"","overlay-type":"","overlay-color":"","overlay-opacity":"","overlay-gradient":""},"tablet":{"background-color":"","background-image":"","background-repeat":"repeat","background-position":"center center","background-size":"auto","background-attachment":"scroll","background-type":"","background-media":"","overlay-type":"","overlay-color":"","overlay-opacity":"","overlay-gradient":""},"mobile":{"background-color":"","background-image":"","background-repeat":"repeat","background-position":"center center","background-size":"auto","background-attachment":"scroll","background-type":"","background-media":"","overlay-type":"","overlay-color":"","overlay-opacity":"","overlay-gradient":""}},"ast-content-background-meta":{"desktop":{"background-color":"var(--ast-global-color-5)","background-image":"","background-repeat":"repeat","background-position":"center center","background-size":"auto","background-attachment":"scroll","background-type":"","background-media":"","overlay-type":"","overlay-color":"","overlay-opacity":"","overlay-gradient":""},"tablet":{"background-color":"var(--ast-global-color-5)","background-image":"","background-repeat":"repeat","background-position":"center center","background-size":"auto","background-attachment":"scroll","background-type":"","background-media":"","overlay-type":"","overlay-color":"","overlay-opacity":"","overlay-gradient":""},"mobile":{"background-color":"var(--ast-global-color-5)","background-image":"","background-repeat":"repeat","background-position":"center center","background-size":"auto","background-attachment":"scroll","background-type":"","background-media":"","overlay-type":"","overlay-color":"","overlay-opacity":"","overlay-gradient":""}}},"product_brand":[],"product_cat":[309],"product_tag":[],"class_list":{"0":"post-34357","1":"product","2":"type-product","3":"status-publish","4":"has-post-thumbnail","6":"product_cat-unclassed","7":"product_shipping_class-light-products","8":"desktop-align-left","9":"tablet-align-left","10":"mobile-align-left","11":"ast-product-gallery-layout-horizontal","12":"ast-product-tabs-layout-horizontal","14":"first","15":"instock","16":"taxable","17":"shipping-taxable","18":"purchasable","19":"product-type-simple"},"_links":{"self":[{"href":"https:\/\/avalanchequebec.ca\/en\/wp-json\/wp\/v2\/product\/34357","targetHints":{"allow":["GET"]}}],"collection":[{"href":"https:\/\/avalanchequebec.ca\/en\/wp-json\/wp\/v2\/product"}],"about":[{"href":"https:\/\/avalanchequebec.ca\/en\/wp-json\/wp\/v2\/types\/product"}],"wp:featuredmedia":[{"embeddable":true,"href":"https:\/\/avalanchequebec.ca\/en\/wp-json\/wp\/v2\/media\/33853"}],"wp:attachment":[{"href":"https:\/\/avalanchequebec.ca\/en\/wp-json\/wp\/v2\/media?parent=34357"}],"wp:term":[{"taxonomy":"product_brand","embeddable":true,"href":"https:\/\/avalanchequebec.ca\/en\/wp-json\/wp\/v2\/product_brand?post=34357"},{"taxonomy":"product_cat","embeddable":true,"href":"https:\/\/avalanchequebec.ca\/en\/wp-json\/wp\/v2\/product_cat?post=34357"},{"taxonomy":"product_tag","embeddable":true,"href":"https:\/\/avalanchequebec.ca\/en\/wp-json\/wp\/v2\/product_tag?post=34357"}],"curies":[{"name":"wp","href":"https:\/\/api.w.org\/{rel}","templated":true}]}}