{"id":35350,"date":"2025-04-11T11:54:06","date_gmt":"2025-04-11T15:54:06","guid":{"rendered":"https:\/\/avalanchequebec.ca\/evaluate-signs-of-instability\/"},"modified":"2025-05-12T11:25:32","modified_gmt":"2025-05-12T15:25:32","slug":"process-instability","status":"publish","type":"page","link":"https:\/\/avalanchequebec.ca\/en\/process-instability\/","title":{"rendered":"Evaluate Signs of Instability"},"content":{"rendered":"\t\t<div data-elementor-type=\"wp-page\" data-elementor-id=\"35350\" class=\"elementor elementor-35350 elementor-29492\" data-elementor-post-type=\"page\">\n\t\t\t\t\t\t<section class=\"elementor-section elementor-top-section elementor-element elementor-element-391c8cb elementor-section-content-bottom elementor-section-boxed elementor-section-height-default elementor-section-height-default\" data-id=\"391c8cb\" data-element_type=\"section\">\n\t\t\t\t\t\t<div class=\"elementor-container elementor-column-gap-default\">\n\t\t\t\t\t<div class=\"elementor-column elementor-col-50 elementor-top-column elementor-element elementor-element-f2013dd\" data-id=\"f2013dd\" data-element_type=\"column\">\n\t\t\t<div class=\"elementor-widget-wrap elementor-element-populated\">\n\t\t\t\t\t\t<div class=\"elementor-element elementor-element-591ee47 elementor-widget elementor-widget-heading\" data-id=\"591ee47\" data-element_type=\"widget\" data-widget_type=\"heading.default\">\n\t\t\t\t<div class=\"elementor-widget-container\">\n\t\t\t\t\t<div class=\"elementor-heading-title elementor-size-default\">The daily process<\/div>\t\t\t\t<\/div>\n\t\t\t\t<\/div>\n\t\t\t\t<div class=\"elementor-element elementor-element-2087d48 elementor-widget elementor-widget-heading\" data-id=\"2087d48\" data-element_type=\"widget\" data-widget_type=\"heading.default\">\n\t\t\t\t<div class=\"elementor-widget-container\">\n\t\t\t\t\t<h1 class=\"elementor-heading-title elementor-size-default\">Evaluate Signs of Instability<\/h1>\t\t\t\t<\/div>\n\t\t\t\t<\/div>\n\t\t\t\t\t<\/div>\n\t\t<\/div>\n\t\t\t\t<div class=\"elementor-column elementor-col-50 elementor-top-column elementor-element elementor-element-7c96cd6\" data-id=\"7c96cd6\" data-element_type=\"column\">\n\t\t\t<div class=\"elementor-widget-wrap elementor-element-populated\">\n\t\t\t\t\t\t<div class=\"elementor-element elementor-element-4734f17 processus-bloc-time elementor-widget elementor-widget-text-editor\" data-id=\"4734f17\" data-element_type=\"widget\" data-widget_type=\"text-editor.default\">\n\t\t\t\t<div class=\"elementor-widget-container\">\n\t\t\t\t\t\t\t\t\t<p>During the Trip<\/p>\n\t\t\t\t\t\t\t\t<\/div>\n\t\t\t\t<\/div>\n\t\t\t\t\t<\/div>\n\t\t<\/div>\n\t\t\t\t\t<\/div>\n\t\t<\/section>\n\t\t\t\t<section class=\"elementor-section elementor-top-section elementor-element elementor-element-fefca2f elementor-section-boxed elementor-section-height-default elementor-section-height-default\" data-id=\"fefca2f\" data-element_type=\"section\">\n\t\t\t\t\t\t<div class=\"elementor-container elementor-column-gap-default\">\n\t\t\t\t\t<div class=\"elementor-column elementor-col-100 elementor-top-column elementor-element elementor-element-27b77c1\" data-id=\"27b77c1\" data-element_type=\"column\">\n\t\t\t<div class=\"elementor-widget-wrap elementor-element-populated\">\n\t\t\t\t\t\t<div class=\"elementor-element elementor-element-c8e7d62 elementor-widget elementor-widget-text-editor\" data-id=\"c8e7d62\" data-element_type=\"widget\" data-widget_type=\"text-editor.default\">\n\t\t\t\t<div class=\"elementor-widget-container\">\n\t\t\t\t\t\t\t\t\t<p>Throughout your travels in the backcountry, keep an eye on the conditions around you. The signs below indicate that avalanche danger is high. Keep in mind, however, that the absence of signs of instability does not mean that there is no instability, especially when persistent slab and deep persistent slab problems are present.<\/p>\t\t\t\t\t\t\t\t<\/div>\n\t\t\t\t<\/div>\n\t\t\t\t\t<\/div>\n\t\t<\/div>\n\t\t\t\t\t<\/div>\n\t\t<\/section>\n\t\t\t\t<section class=\"elementor-section elementor-top-section elementor-element elementor-element-6414f81 elementor-section-boxed elementor-section-height-default elementor-section-height-default\" data-id=\"6414f81\" data-element_type=\"section\">\n\t\t\t\t\t\t<div class=\"elementor-container elementor-column-gap-default\">\n\t\t\t\t\t<div class=\"elementor-column elementor-col-100 elementor-top-column elementor-element elementor-element-6fc4dc5\" data-id=\"6fc4dc5\" data-element_type=\"column\">\n\t\t\t<div class=\"elementor-widget-wrap elementor-element-populated\">\n\t\t\t\t\t\t<div class=\"elementor-element elementor-element-8fb2996 processus-header-slider elementor-arrows-position-inside elementor-widget elementor-widget-image-carousel\" data-id=\"8fb2996\" data-element_type=\"widget\" data-settings=\"{&quot;slides_to_show&quot;:&quot;1&quot;,&quot;navigation&quot;:&quot;arrows&quot;,&quot;lazyload&quot;:&quot;yes&quot;,&quot;autoplay&quot;:&quot;yes&quot;,&quot;pause_on_hover&quot;:&quot;yes&quot;,&quot;pause_on_interaction&quot;:&quot;yes&quot;,&quot;autoplay_speed&quot;:5000,&quot;infinite&quot;:&quot;yes&quot;,&quot;effect&quot;:&quot;slide&quot;,&quot;speed&quot;:500}\" data-widget_type=\"image-carousel.default\">\n\t\t\t\t<div class=\"elementor-widget-container\">\n\t\t\t\t\t\t\t<div class=\"elementor-image-carousel-wrapper swiper\" role=\"region\" aria-roledescription=\"carousel\" aria-label=\"Carrousel d\u2019images\" dir=\"ltr\">\n\t\t\t<div class=\"elementor-image-carousel swiper-wrapper\" aria-live=\"off\">\n\t\t\t\t\t\t\t\t<div class=\"swiper-slide\" role=\"group\" aria-roledescription=\"slide\" aria-label=\"1 of 5\"><figure class=\"swiper-slide-inner\"><img class=\"swiper-slide-image swiper-lazy\" data-src=\"https:\/\/avalanchequebec.ca\/wp-content\/uploads\/elementor\/thumbs\/Transport-de-neige-1-scaled-qfii3jtb37imc255bj2jjz2wbuzj3zakdsstn9wxsw.jpg\" alt=\"Is the wind picking up? Watch out for wind transport, which can add weight to slopes downwind (the side facing away from the wind). The thin clouds seen at the summit in this photo are actually plumes of snow being carried by the wind over the ridge. The slope where this snow will settle will become loaded and more prone to producing an avalanche.\" \/><div class=\"swiper-lazy-preloader\"><\/div><figcaption class=\"elementor-image-carousel-caption\">Is the wind picking up? Watch out for <b>wind transport<\/b>, which can add weight to slopes downwind (the side facing away from the wind). The thin clouds seen at the summit in this photo are actually plumes of snow being carried by the wind over the ridge. The slope where this snow will settle will become loaded and more prone to producing an avalanche.<\/figcaption><\/figure><\/div><div class=\"swiper-slide\" role=\"group\" aria-roledescription=\"slide\" aria-label=\"2 of 5\"><figure class=\"swiper-slide-inner\"><img class=\"swiper-slide-image swiper-lazy\" data-src=\"https:\/\/avalanchequebec.ca\/wp-content\/uploads\/elementor\/thumbs\/Avalanche-de-plaque-1-scaled-qfihb3985sk2t3hdi87725mgtv9g1wb54xpkjo4274.jpg\" alt=\"Recent avalanches (within the last 48 hours) are a sure sign of instability. Take note of the slope and its angle, as it is highly likely that other avalanches will occur on similar slopes.\" \/><div class=\"swiper-lazy-preloader\"><\/div><figcaption class=\"elementor-image-carousel-caption\"><b>Recent avalanches<\/b> (within the last 48 hours) are a sure sign of instability. Take note of the slope and its angle, as it is highly likely that other avalanches will occur on similar slopes.<\/figcaption><\/figure><\/div><div class=\"swiper-slide\" role=\"group\" aria-roledescription=\"slide\" aria-label=\"3 of 5\"><figure class=\"swiper-slide-inner\"><img class=\"swiper-slide-image swiper-lazy\" data-src=\"https:\/\/avalanchequebec.ca\/wp-content\/uploads\/elementor\/thumbs\/Neige-abondante-2-1-scaled-qfihvptq4wsll1ir256gry8m49leys73b135o9j1nk.jpg\" alt=\"If it snows heavily \u2013 more than 2 cm per hour \u2013 for several hours, you can be sure that the avalanche danger is increasing.\" \/><div class=\"swiper-lazy-preloader\"><\/div><figcaption class=\"elementor-image-carousel-caption\"><b>If it snows heavily<\/b> \u2013 more than 2 cm per hour \u2013 for several hours, you can be sure that the avalanche danger is increasing.<\/figcaption><\/figure><\/div><div class=\"swiper-slide\" role=\"group\" aria-roledescription=\"slide\" aria-label=\"4 of 5\"><figure class=\"swiper-slide-inner\"><img class=\"swiper-slide-image swiper-lazy\" data-src=\"https:\/\/avalanchequebec.ca\/wp-content\/uploads\/elementor\/thumbs\/Fissures-1-scaled-qfihi35z1e4x8lbgn937me2014rtcs37fkjp5tqjvk.jpg\" alt=\"Whumpfs (the sound snow makes when it collapses) and cracks indicate that the snowpack is prone to avalanches if the slope is steep enough and exposed. Cracks indicate that there is a slab and that steep slopes in the surrounding area are prone to avalanches and should therefore be avoided.\" \/><div class=\"swiper-lazy-preloader\"><\/div><figcaption class=\"elementor-image-carousel-caption\"><b>Whumpfs<\/b> (the sound snow makes when it collapses) and <b>cracks<\/b> indicate that the snowpack is prone to avalanches if the slope is steep enough and exposed. Cracks indicate that there is a slab and that steep slopes in the surrounding area are prone to avalanches and should therefore be avoided. <\/figcaption><\/figure><\/div><div class=\"swiper-slide\" role=\"group\" aria-roledescription=\"slide\" aria-label=\"5 of 5\"><figure class=\"swiper-slide-inner\"><img class=\"swiper-slide-image swiper-lazy\" data-src=\"https:\/\/avalanchequebec.ca\/wp-content\/uploads\/elementor\/thumbs\/Rechauffement-1-scaled-qfii2sjzl0hazd8qqpad1nyj3opvwracm1vqq91ctc.jpg\" alt=\"Rapid warming from solar radiation, warm winds, or rain also increases the danger of avalanches.\" \/><div class=\"swiper-lazy-preloader\"><\/div><figcaption class=\"elementor-image-carousel-caption\"><b>Rapid warming<\/b> from solar radiation, warm winds, or rain also increases the danger of avalanches.<\/figcaption><\/figure><\/div>\t\t\t<\/div>\n\t\t\t\t\t\t\t\t\t\t\t\t<div class=\"elementor-swiper-button elementor-swiper-button-prev\" role=\"button\" tabindex=\"0\">\n\t\t\t\t\t\t<i aria-hidden=\"true\" class=\"eicon-chevron-left\"><\/i>\t\t\t\t\t<\/div>\n\t\t\t\t\t<div class=\"elementor-swiper-button elementor-swiper-button-next\" role=\"button\" tabindex=\"0\">\n\t\t\t\t\t\t<i aria-hidden=\"true\" class=\"eicon-chevron-right\"><\/i>\t\t\t\t\t<\/div>\n\t\t\t\t\n\t\t\t\t\t\t\t\t\t<\/div>\n\t\t\t\t\t\t<\/div>\n\t\t\t\t<\/div>\n\t\t\t\t\t<\/div>\n\t\t<\/div>\n\t\t\t\t\t<\/div>\n\t\t<\/section>\n\t\t\t\t<section class=\"elementor-section elementor-top-section elementor-element elementor-element-a565a36 processus-quotidien-row bottom-row elementor-section-boxed elementor-section-height-default elementor-section-height-default\" data-id=\"a565a36\" data-element_type=\"section\" data-settings=\"{&quot;background_background&quot;:&quot;classic&quot;}\">\n\t\t\t\t\t\t<div class=\"elementor-container elementor-column-gap-default\">\n\t\t\t\t\t<div class=\"elementor-column elementor-col-33 elementor-top-column elementor-element elementor-element-358cc2c elementor-hidden-mobile\" data-id=\"358cc2c\" data-element_type=\"column\" data-settings=\"{&quot;background_background&quot;:&quot;classic&quot;}\">\n\t\t\t<div class=\"elementor-widget-wrap elementor-element-populated\">\n\t\t\t\t\t\t<div class=\"elementor-element elementor-element-7b5929d elementor-absolute elementor-widget elementor-widget-heading\" data-id=\"7b5929d\" data-element_type=\"widget\" data-settings=\"{&quot;_position&quot;:&quot;absolute&quot;}\" data-widget_type=\"heading.default\">\n\t\t\t\t<div class=\"elementor-widget-container\">\n\t\t\t\t\t<span class=\"elementor-heading-title elementor-size-default\">5<\/span>\t\t\t\t<\/div>\n\t\t\t\t<\/div>\n\t\t\t\t<div class=\"elementor-element elementor-element-df531f2 elementor-widget elementor-widget-image\" data-id=\"df531f2\" data-element_type=\"widget\" data-widget_type=\"image.default\">\n\t\t\t\t<div class=\"elementor-widget-container\">\n\t\t\t\t\t\t\t\t\t\t\t\t\t\t\t<img decoding=\"async\" src=\"https:\/\/avalanchequebec.ca\/wp-content\/uploads\/elementor\/thumbs\/Deplacements-2-1-scaled-qfihefkeuuq3ewuame3zupx0pkxnmhydcswgxdeeeg.jpg\" title=\"D\u00e9placements 2\" alt=\"D\u00e9placements 2\" loading=\"lazy\" \/>\t\t\t\t\t\t\t\t\t\t\t\t\t\t\t<\/div>\n\t\t\t\t<\/div>\n\t\t\t\t<div class=\"elementor-element elementor-element-42c4a5c processus-bloc-subtitle elementor-widget__width-auto elementor-widget elementor-widget-text-editor\" data-id=\"42c4a5c\" data-element_type=\"widget\" data-widget_type=\"text-editor.default\">\n\t\t\t\t<div class=\"elementor-widget-container\">\n\t\t\t\t\t\t\t\t\t<p>During the Trip<\/p>\n\t\t\t\t\t\t\t\t<\/div>\n\t\t\t\t<\/div>\n\t\t\t\t<div class=\"elementor-element elementor-element-40a2bfb processus-list-title reverse-arrow elementor-widget elementor-widget-heading\" data-id=\"40a2bfb\" data-element_type=\"widget\" data-widget_type=\"heading.default\">\n\t\t\t\t<div class=\"elementor-widget-container\">\n\t\t\t\t\t<h4 class=\"elementor-heading-title elementor-size-default\"><a href=\"\/en\/process-5-travel\/\">Good Travel Habits<\/a><\/h4>\t\t\t\t<\/div>\n\t\t\t\t<\/div>\n\t\t\t\t\t<\/div>\n\t\t<\/div>\n\t\t\t\t<div class=\"elementor-column elementor-col-33 elementor-top-column elementor-element elementor-element-8bb8131 processus-reset-block elementor-hidden-mobile\" data-id=\"8bb8131\" data-element_type=\"column\" data-settings=\"{&quot;background_background&quot;:&quot;classic&quot;}\">\n\t\t\t<div class=\"elementor-widget-wrap elementor-element-populated\">\n\t\t\t\t\t\t<div class=\"elementor-element elementor-element-56e0c93 elementor-widget elementor-widget-text-editor\" data-id=\"56e0c93\" data-element_type=\"widget\" data-widget_type=\"text-editor.default\">\n\t\t\t\t<div class=\"elementor-widget-container\">\n\t\t\t\t\t\t\t\t\t<p>Complete the daily process at<\/p>\n\t\t\t\t\t\t\t\t<\/div>\n\t\t\t\t<\/div>\n\t\t\t\t<div class=\"elementor-element elementor-element-0e1c81a elementor-widget elementor-widget-text-editor\" data-id=\"0e1c81a\" data-element_type=\"widget\" data-widget_type=\"text-editor.default\">\n\t\t\t\t<div class=\"elementor-widget-container\">\n\t\t\t\t\t\t\t\t\t<p>Each outing<\/p>\n\t\t\t\t\t\t\t\t<\/div>\n\t\t\t\t<\/div>\n\t\t\t\t\t<\/div>\n\t\t<\/div>\n\t\t\t\t<div class=\"elementor-column elementor-col-33 elementor-top-column elementor-element elementor-element-ae9239e\" data-id=\"ae9239e\" data-element_type=\"column\" data-settings=\"{&quot;background_background&quot;:&quot;classic&quot;}\">\n\t\t\t<div class=\"elementor-widget-wrap elementor-element-populated\">\n\t\t\t\t\t\t<div class=\"elementor-element elementor-element-e0134e8 elementor-absolute elementor-widget elementor-widget-heading\" data-id=\"e0134e8\" data-element_type=\"widget\" data-settings=\"{&quot;_position&quot;:&quot;absolute&quot;}\" data-widget_type=\"heading.default\">\n\t\t\t\t<div class=\"elementor-widget-container\">\n\t\t\t\t\t<span class=\"elementor-heading-title elementor-size-default\">6<\/span>\t\t\t\t<\/div>\n\t\t\t\t<\/div>\n\t\t\t\t<div class=\"elementor-element elementor-element-d087c73 elementor-widget elementor-widget-image\" data-id=\"d087c73\" data-element_type=\"widget\" data-widget_type=\"image.default\">\n\t\t\t\t<div class=\"elementor-widget-container\">\n\t\t\t\t\t\t\t\t\t\t\t\t\t\t\t<img decoding=\"async\" src=\"https:\/\/avalanchequebec.ca\/wp-content\/uploads\/elementor\/thumbs\/Evaluer-les-pentes-Credit-Avalanche-Quebec-et-les-Chevres-de-montagne-scaled-1-qg3au7wz3a0pv570m1xdxyq15uzvjsu9qcoqk077fs.jpg\" title=\"\u00c9valuer les pentes Cr\u00e9dit Avalanche Qu\u00e9bec et les Ch\u00e8vres de montagne scaled\" alt=\"\u00c9valuer les pentes Cr\u00e9dit Avalanche Qu\u00e9bec et les Ch\u00e8vres de montagne scaled\" loading=\"lazy\" \/>\t\t\t\t\t\t\t\t\t\t\t\t\t\t\t<\/div>\n\t\t\t\t<\/div>\n\t\t\t\t<div class=\"elementor-element elementor-element-0e69287 processus-bloc-subtitle elementor-widget__width-auto elementor-widget elementor-widget-text-editor\" data-id=\"0e69287\" data-element_type=\"widget\" data-widget_type=\"text-editor.default\">\n\t\t\t\t<div class=\"elementor-widget-container\">\n\t\t\t\t\t\t\t\t\t<p>DURING THE TRIP<\/p>\n\t\t\t\t\t\t\t\t<\/div>\n\t\t\t\t<\/div>\n\t\t\t\t<div class=\"elementor-element elementor-element-add786e processus-list-title elementor-widget elementor-widget-heading\" data-id=\"add786e\" data-element_type=\"widget\" data-widget_type=\"heading.default\">\n\t\t\t\t<div class=\"elementor-widget-container\">\n\t\t\t\t\t<h4 class=\"elementor-heading-title elementor-size-default\"><a href=\"\/en\/process-6-evaluate\/\">EVALUATE SLOPES<\/a><\/h4>\t\t\t\t<\/div>\n\t\t\t\t<\/div>\n\t\t\t\t\t<\/div>\n\t\t<\/div>\n\t\t\t\t\t<\/div>\n\t\t<\/section>\n\t\t\t\t<\/div>\n\t\t","protected":false},"excerpt":{"rendered":"<p>The daily process During the Trip Throughout your travels in the backcountry, keep an eye on the conditions around you. The signs below indicate that avalanche danger is high. Keep in mind, however, that the absence of signs of instability does not mean that there is no instability, especially when persistent slab and deep persistent [&hellip;]<\/p>\n","protected":false},"author":96,"featured_media":0,"parent":0,"menu_order":0,"comment_status":"closed","ping_status":"closed","template":"","meta":{"_seopress_robots_primary_cat":"","_seopress_titles_title":"","_seopress_titles_desc":"","_seopress_robots_index":"","site-sidebar-layout":"no-sidebar","site-content-layout":"page-builder","ast-site-content-layout":"default","site-content-style":"default","site-sidebar-style":"default","ast-global-header-display":"","ast-banner-title-visibility":"","ast-main-header-display":"","ast-hfb-above-header-display":"","ast-hfb-below-header-display":"","ast-hfb-mobile-header-display":"","site-post-title":"disabled","ast-breadcrumbs-content":"","ast-featured-img":"disabled","footer-sml-layout":"","ast-disable-related-posts":"","theme-transparent-header-meta":"","adv-header-id-meta":"","stick-header-meta":"","header-above-stick-meta":"","header-main-stick-meta":"","header-below-stick-meta":"","astra-migrate-meta-layouts":"default","ast-page-background-enabled":"default","ast-page-background-meta":{"desktop":{"background-color":"","background-image":"","background-repeat":"repeat","background-position":"center center","background-size":"auto","background-attachment":"scroll","background-type":"","background-media":"","overlay-type":"","overlay-color":"","overlay-opacity":"","overlay-gradient":""},"tablet":{"background-color":"","background-image":"","background-repeat":"repeat","background-position":"center center","background-size":"auto","background-attachment":"scroll","background-type":"","background-media":"","overlay-type":"","overlay-color":"","overlay-opacity":"","overlay-gradient":""},"mobile":{"background-color":"","background-image":"","background-repeat":"repeat","background-position":"center center","background-size":"auto","background-attachment":"scroll","background-type":"","background-media":"","overlay-type":"","overlay-color":"","overlay-opacity":"","overlay-gradient":""}},"ast-content-background-meta":{"desktop":{"background-color":"var(--ast-global-color-5)","background-image":"","background-repeat":"repeat","background-position":"center center","background-size":"auto","background-attachment":"scroll","background-type":"","background-media":"","overlay-type":"","overlay-color":"","overlay-opacity":"","overlay-gradient":""},"tablet":{"background-color":"var(--ast-global-color-5)","background-image":"","background-repeat":"repeat","background-position":"center center","background-size":"auto","background-attachment":"scroll","background-type":"","background-media":"","overlay-type":"","overlay-color":"","overlay-opacity":"","overlay-gradient":""},"mobile":{"background-color":"var(--ast-global-color-5)","background-image":"","background-repeat":"repeat","background-position":"center center","background-size":"auto","background-attachment":"scroll","background-type":"","background-media":"","overlay-type":"","overlay-color":"","overlay-opacity":"","overlay-gradient":""}},"footnotes":""},"class_list":["post-35350","page","type-page","status-publish","hentry"],"_links":{"self":[{"href":"https:\/\/avalanchequebec.ca\/en\/wp-json\/wp\/v2\/pages\/35350","targetHints":{"allow":["GET"]}}],"collection":[{"href":"https:\/\/avalanchequebec.ca\/en\/wp-json\/wp\/v2\/pages"}],"about":[{"href":"https:\/\/avalanchequebec.ca\/en\/wp-json\/wp\/v2\/types\/page"}],"author":[{"embeddable":true,"href":"https:\/\/avalanchequebec.ca\/en\/wp-json\/wp\/v2\/users\/96"}],"replies":[{"embeddable":true,"href":"https:\/\/avalanchequebec.ca\/en\/wp-json\/wp\/v2\/comments?post=35350"}],"version-history":[{"count":10,"href":"https:\/\/avalanchequebec.ca\/en\/wp-json\/wp\/v2\/pages\/35350\/revisions"}],"predecessor-version":[{"id":35750,"href":"https:\/\/avalanchequebec.ca\/en\/wp-json\/wp\/v2\/pages\/35350\/revisions\/35750"}],"wp:attachment":[{"href":"https:\/\/avalanchequebec.ca\/en\/wp-json\/wp\/v2\/media?parent=35350"}],"curies":[{"name":"wp","href":"https:\/\/api.w.org\/{rel}","templated":true}]}}