{"id":35166,"date":"2025-03-26T14:29:15","date_gmt":"2025-03-26T18:29:15","guid":{"rendered":"https:\/\/avalanchequebec.ca\/learn\/"},"modified":"2026-04-01T15:43:22","modified_gmt":"2026-04-01T19:43:22","slug":"learn","status":"publish","type":"page","link":"https:\/\/avalanchequebec.ca\/en\/learn\/","title":{"rendered":"Learn"},"content":{"rendered":"\t\t<div data-elementor-type=\"wp-page\" data-elementor-id=\"35166\" class=\"elementor elementor-35166 elementor-26844\" data-elementor-post-type=\"page\">\n\t\t\t\t\t\t<section class=\"elementor-section elementor-top-section elementor-element elementor-element-9f1275d home-banner elementor-section-boxed elementor-section-height-default elementor-section-height-default\" data-id=\"9f1275d\" data-element_type=\"section\" data-settings=\"{&quot;background_background&quot;:&quot;classic&quot;}\">\n\t\t\t\t\t\t<div class=\"elementor-container elementor-column-gap-no\">\n\t\t\t\t\t<div class=\"elementor-column elementor-col-100 elementor-top-column elementor-element elementor-element-3de5c5a\" data-id=\"3de5c5a\" data-element_type=\"column\">\n\t\t\t<div class=\"elementor-widget-wrap elementor-element-populated\">\n\t\t\t\t\t\t<section class=\"elementor-section elementor-inner-section elementor-element elementor-element-d8629ef elementor-section-content-middle elementor-section-boxed elementor-section-height-default elementor-section-height-default\" data-id=\"d8629ef\" data-element_type=\"section\">\n\t\t\t\t\t\t<div class=\"elementor-container elementor-column-gap-default\">\n\t\t\t\t\t<div class=\"elementor-column elementor-col-50 elementor-inner-column elementor-element elementor-element-737b252 home-banner-column-news\" data-id=\"737b252\" data-element_type=\"column\">\n\t\t\t<div class=\"elementor-widget-wrap elementor-element-populated\">\n\t\t\t\t\t\t<div class=\"elementor-element elementor-element-7f6eaba elementor-widget elementor-widget-heading\" data-id=\"7f6eaba\" data-element_type=\"widget\" data-widget_type=\"heading.default\">\n\t\t\t\t<div class=\"elementor-widget-container\">\n\t\t\t\t\t<h3 class=\"elementor-heading-title elementor-size-default\">Avalanche<br>Terrain ?<\/h3>\t\t\t\t<\/div>\n\t\t\t\t<\/div>\n\t\t\t\t<div class=\"elementor-element elementor-element-4d4f308 elementor-widget elementor-widget-heading\" data-id=\"4d4f308\" data-element_type=\"widget\" data-widget_type=\"heading.default\">\n\t\t\t\t<div class=\"elementor-widget-container\">\n\t\t\t\t\t<h3 class=\"elementor-heading-title elementor-size-default\">I'm ready <br>to go<\/h3>\t\t\t\t<\/div>\n\t\t\t\t<\/div>\n\t\t\t\t\t<\/div>\n\t\t<\/div>\n\t\t\t\t<div class=\"elementor-column elementor-col-50 elementor-inner-column elementor-element elementor-element-3bbb7b3\" data-id=\"3bbb7b3\" data-element_type=\"column\" data-settings=\"{&quot;background_background&quot;:&quot;classic&quot;}\">\n\t\t\t<div class=\"elementor-widget-wrap elementor-element-populated\">\n\t\t\t\t\t\t<div class=\"elementor-element elementor-element-8d65552 elementor-widget elementor-widget-heading\" data-id=\"8d65552\" data-element_type=\"widget\" data-widget_type=\"heading.default\">\n\t\t\t\t<div class=\"elementor-widget-container\">\n\t\t\t\t\t<h4 class=\"elementor-heading-title elementor-size-default\">On every outing<\/h4>\t\t\t\t<\/div>\n\t\t\t\t<\/div>\n\t\t\t\t<div class=\"elementor-element elementor-element-0b95183 education-link-rainbow elementor-widget elementor-widget-text-editor\" data-id=\"0b95183\" data-element_type=\"widget\" data-widget_type=\"text-editor.default\">\n\t\t\t\t<div class=\"elementor-widget-container\">\n\t\t\t\t\t\t\t\t\t<p><a href=\"#\">1<\/a> <a href=\"#\">2<\/a> <a href=\"#\">3<\/a> <a href=\"#\">4<\/a> <a href=\"#\">5<\/a> <a href=\"#\">6<\/a> <a href=\"#\">7<\/a><\/p>\n\t\t\t\t\t\t\t\t<\/div>\n\t\t\t\t<\/div>\n\t\t\t\t<div class=\"elementor-element elementor-element-3971a78 elementor-widget elementor-widget-heading\" data-id=\"3971a78\" data-element_type=\"widget\" data-widget_type=\"heading.default\">\n\t\t\t\t<div class=\"elementor-widget-container\">\n\t\t\t\t\t<h2 class=\"elementor-heading-title elementor-size-default\">The daily <br>process<\/h2>\t\t\t\t<\/div>\n\t\t\t\t<\/div>\n\t\t\t\t<div class=\"elementor-element elementor-element-77a9227 elementor-widget elementor-widget-button\" data-id=\"77a9227\" data-element_type=\"widget\" data-widget_type=\"button.default\">\n\t\t\t\t<div class=\"elementor-widget-container\">\n\t\t\t\t\t\t\t\t\t<div class=\"elementor-button-wrapper\">\n\t\t\t\t\t<a class=\"elementor-button elementor-button-link elementor-size-md\" href=\"http:\/\/avalanchequebec.ca\/en\/daily-process\">\n\t\t\t\t\t\t<span class=\"elementor-button-content-wrapper\">\n\t\t\t\t\t\t\t\t\t<span class=\"elementor-button-text\">Start your day<\/span>\n\t\t\t\t\t<\/span>\n\t\t\t\t\t<\/a>\n\t\t\t\t<\/div>\n\t\t\t\t\t\t\t\t<\/div>\n\t\t\t\t<\/div>\n\t\t\t\t\t<\/div>\n\t\t<\/div>\n\t\t\t\t\t<\/div>\n\t\t<\/section>\n\t\t\t\t\t<\/div>\n\t\t<\/div>\n\t\t\t\t\t<\/div>\n\t\t<\/section>\n\t\t\t\t<section class=\"elementor-section elementor-top-section elementor-element elementor-element-6951493 row-education-wrapper elementor-section-boxed elementor-section-height-default elementor-section-height-default\" data-id=\"6951493\" data-element_type=\"section\" data-settings=\"{&quot;background_background&quot;:&quot;classic&quot;}\">\n\t\t\t\t\t\t<div class=\"elementor-container elementor-column-gap-default\">\n\t\t\t\t\t<div class=\"elementor-column elementor-col-100 elementor-top-column elementor-element elementor-element-68f1e84\" data-id=\"68f1e84\" data-element_type=\"column\">\n\t\t\t<div class=\"elementor-widget-wrap elementor-element-populated\">\n\t\t\t\t\t\t<section class=\"elementor-section elementor-inner-section elementor-element elementor-element-66460cc elementor-section-boxed elementor-section-height-default elementor-section-height-default\" data-id=\"66460cc\" data-element_type=\"section\">\n\t\t\t\t\t\t<div class=\"elementor-container elementor-column-gap-custom\">\n\t\t\t\t\t<div class=\"elementor-column elementor-col-50 elementor-inner-column elementor-element elementor-element-560872b education-col\" data-id=\"560872b\" data-element_type=\"column\" data-settings=\"{&quot;background_background&quot;:&quot;classic&quot;}\">\n\t\t\t<div class=\"elementor-widget-wrap elementor-element-populated\">\n\t\t\t\t\t\t<div class=\"elementor-element elementor-element-cf9a2fb elementor-widget elementor-widget-avqc_bloc_img_text_btn\" data-id=\"cf9a2fb\" data-element_type=\"widget\" data-widget_type=\"avqc_bloc_img_text_btn.default\">\n\t\t\t\t<div class=\"elementor-widget-container\">\n\t\t\t\t\t<div class=\"bloc-text-image-btn-wrapper\">\n        <div><img decoding=\"async\" src=\"https:\/\/avalanchequebec.ca\/wp-content\/uploads\/elementor\/thumbs\/justeetredehors-104-petit-qdrda188p3ors7c9imyj8tw75byh2w1ohl5w6qiezu.jpg\" title=\"Les formations niveau r\u00e9cr\u00e9atif &#8211; Cr\u00e9dit photo Avalanche Qu\u00e9bec et les Ch\u00e8vres de montagne\" alt=\"Les formations niveau r\u00e9cr\u00e9atif - Cr\u00e9dit photo Avalanche Qu\u00e9bec et les Ch\u00e8vres de montagne\" loading=\"lazy\" \/><\/div>\n        <div class=\"bloc-text-image-btn-content\">\n                <div><h3>Avalanche Safety Trainings<\/h3><\/div>\n        \n        \n                <div class=\"ele-block-text\">Avalanche safety, mountain travel, orienteering and\/or first aid in remote areas courses are all relevant to improving your mountain skills and ensuring you have a great day out.<\/div>\n        \n                <div class=\"incidents-list-btn-wrapper\">\n            <a href=\"\/en\/training\/\" rel=\"nofollow\" class=\"elementor-button-link elementor-button elementor-size-md\" role=\"button\">\n                <span class=\"elementor-button-content-wrapper\">\n                    <span class=\"elementor-button-text\">Learn more<\/span>\n                <\/span>\n            <\/a>\n        <\/div>\n            <\/div>\n<\/div>\t\t\t\t<\/div>\n\t\t\t\t<\/div>\n\t\t\t\t<div class=\"elementor-element elementor-element-3e8b96b elementor-widget elementor-widget-avqc_bloc_img_text_btn\" data-id=\"3e8b96b\" data-element_type=\"widget\" data-widget_type=\"avqc_bloc_img_text_btn.default\">\n\t\t\t\t<div class=\"elementor-widget-container\">\n\t\t\t\t\t<div class=\"bloc-text-image-btn-wrapper\">\n        <div><img decoding=\"async\" src=\"https:\/\/avalanchequebec.ca\/wp-content\/uploads\/elementor\/thumbs\/AQ-Motoneige-2025-37-scaled-r6j1b4s6b4nshehvntk6c02lwragtqndb0k0pnz816.jpg\" title=\"AQ-Motoneige-2025-37\" alt=\"AQ-Motoneige-2025-37\" loading=\"lazy\" \/><\/div>\n        <div class=\"bloc-text-image-btn-content\">\n                <div><h3>Snowmobiling and Avalanche Safety<\/h3><\/div>\n        \n        \n                <div class=\"ele-block-text\">Off-piste snowmobile avalanche accidents happen more often than you might think, even in Quebec. Here are some tips and resources to help you prepare for a trip to the mountains, whether it's in the Rockies or here in the east. <\/div>\n        \n                <div class=\"incidents-list-btn-wrapper\">\n            <a href=\"\/en\/snowmobile\/\" rel=\"nofollow\" class=\"elementor-button-link elementor-button elementor-size-md\" role=\"button\">\n                <span class=\"elementor-button-content-wrapper\">\n                    <span class=\"elementor-button-text\">Find out more<\/span>\n                <\/span>\n            <\/a>\n        <\/div>\n            <\/div>\n<\/div>\t\t\t\t<\/div>\n\t\t\t\t<\/div>\n\t\t\t\t<div class=\"elementor-element elementor-element-ef53b1b elementor-widget elementor-widget-avqc_bloc_img_text_btn\" data-id=\"ef53b1b\" data-element_type=\"widget\" data-widget_type=\"avqc_bloc_img_text_btn.default\">\n\t\t\t\t<div class=\"elementor-widget-container\">\n\t\t\t\t\t<div class=\"bloc-text-image-btn-wrapper\">\n        <div><img decoding=\"async\" src=\"https:\/\/avalanchequebec.ca\/wp-content\/uploads\/elementor\/thumbs\/Capsules-educatives-Credit-Chevres-de-Montagne-et-Avalanche-Quebec-scaled-1-qg3bsjyonv35gvzli30nmdhgror3719q7ns9am2gkq.jpg\" title=\"Capsules \u00e9ducatives &#8211; Cr\u00e9dit Ch\u00e8vres de Montagne et Avalanche Qu\u00e9bec scaled\" alt=\"Capsules \u00e9ducatives - Cr\u00e9dit Ch\u00e8vres de Montagne et Avalanche Qu\u00e9bec scaled\" loading=\"lazy\" \/><\/div>\n        <div class=\"bloc-text-image-btn-content\">\n                <div><h3>Educational Video Content<\/h3><\/div>\n        \n        \n                <div class=\"ele-block-text\">For an initial overview of numerous topics related to avalanche safety, check out our video content and that of our partners. (French only)<\/div>\n        \n                <div class=\"incidents-list-btn-wrapper\">\n            <a href=\"\/capsules\" rel=\"nofollow\" class=\"elementor-button-link elementor-button elementor-size-md\" role=\"button\">\n                <span class=\"elementor-button-content-wrapper\">\n                    <span class=\"elementor-button-text\">View the clips<\/span>\n                <\/span>\n            <\/a>\n        <\/div>\n            <\/div>\n<\/div>\t\t\t\t<\/div>\n\t\t\t\t<\/div>\n\t\t\t\t\t<\/div>\n\t\t<\/div>\n\t\t\t\t<div class=\"elementor-column elementor-col-50 elementor-inner-column elementor-element elementor-element-af02d6b education-col\" data-id=\"af02d6b\" data-element_type=\"column\" data-settings=\"{&quot;background_background&quot;:&quot;classic&quot;}\">\n\t\t\t<div class=\"elementor-widget-wrap elementor-element-populated\">\n\t\t\t\t\t\t<div class=\"elementor-element elementor-element-d03a43c elementor-widget elementor-widget-avqc_bloc_img_text_btn\" data-id=\"d03a43c\" data-element_type=\"widget\" data-widget_type=\"avqc_bloc_img_text_btn.default\">\n\t\t\t\t<div class=\"elementor-widget-container\">\n\t\t\t\t\t<div class=\"bloc-text-image-btn-wrapper\">\n        <div><img decoding=\"async\" src=\"https:\/\/avalanchequebec.ca\/wp-content\/uploads\/elementor\/thumbs\/avqc-accueil-card-img-2-qgud5z03vi4hzkfyng2z7vyqmhsxaaxvn5xpxaeghy.jpg\" title=\"avqc-accueil-card-img-2\" alt=\"avqc-accueil-card-img-2\" loading=\"lazy\" \/><\/div>\n        <div class=\"bloc-text-image-btn-content\">\n                <div><h3>Online Trip Planner<\/h3><\/div>\n        \n        \n                <div class=\"ele-block-text\">Avalanche Canada offers this online avalanche trip planner to help you determine whether a route is safe based on the day's avalanche conditions.<\/div>\n        \n                <div class=\"incidents-list-btn-wrapper\">\n            <a href=\"https:\/\/avysavvy.avalanche.ca\/en-ca\/online-trip-planner\" target=\"_blank\" rel=\"nofollow\" class=\"elementor-button-link elementor-button elementor-size-md\" role=\"button\">\n                <span class=\"elementor-button-content-wrapper\">\n                    <span class=\"elementor-button-text\">Use this tool<\/span>\n                <\/span>\n            <\/a>\n        <\/div>\n            <\/div>\n<\/div>\t\t\t\t<\/div>\n\t\t\t\t<\/div>\n\t\t\t\t<div class=\"elementor-element elementor-element-825ca74 elementor-widget elementor-widget-avqc_bloc_img_text_btn\" data-id=\"825ca74\" data-element_type=\"widget\" data-widget_type=\"avqc_bloc_img_text_btn.default\">\n\t\t\t\t<div class=\"elementor-widget-container\">\n\t\t\t\t\t<div class=\"bloc-text-image-btn-wrapper\">\n        <div><img decoding=\"async\" src=\"https:\/\/avalanchequebec.ca\/wp-content\/uploads\/elementor\/thumbs\/Outils-Credit-Chevres-de-Montagne-et-Avalanche-Quebec-scaled-qvwmdsaykettecq35gcvmslffgod2mwb0i4z82wacq.jpg\" title=\"Outils &#8211; Cr\u00e9dit Ch\u00e8vres de Montagne et Avalanche Qu\u00e9bec\" alt=\"Outils - Cr\u00e9dit Ch\u00e8vres de Montagne et Avalanche Qu\u00e9bec\" loading=\"lazy\" \/><\/div>\n        <div class=\"bloc-text-image-btn-content\">\n                <div><h3>More Useful Tools<\/h3><\/div>\n        \n        \n                <div class=\"ele-block-text\">The tools presented in your avalanche safety courses can be found here: Avaluator, Companion Rescue Card, AvySavvy tutorials and more.<\/div>\n        \n                <div class=\"incidents-list-btn-wrapper\">\n            <a href=\"\/en\/trip-planning-tools\/\" rel=\"nofollow\" class=\"elementor-button-link elementor-button elementor-size-md\" role=\"button\">\n                <span class=\"elementor-button-content-wrapper\">\n                    <span class=\"elementor-button-text\">See all the tools<\/span>\n                <\/span>\n            <\/a>\n        <\/div>\n            <\/div>\n<\/div>\t\t\t\t<\/div>\n\t\t\t\t<\/div>\n\t\t\t\t<div class=\"elementor-element elementor-element-611d3bf elementor-widget elementor-widget-avqc_bloc_img_text_btn\" data-id=\"611d3bf\" data-element_type=\"widget\" data-widget_type=\"avqc_bloc_img_text_btn.default\">\n\t\t\t\t<div class=\"elementor-widget-container\">\n\t\t\t\t\t<div class=\"bloc-text-image-btn-wrapper\">\n        <div><img decoding=\"async\" src=\"https:\/\/avalanchequebec.ca\/wp-content\/uploads\/elementor\/thumbs\/Pelle-JF-1-scaled-qfihz4ydbx4uo7fl3j40dkhu89v9nq9xyngj5jh5re.jpg\" title=\"Travailler dans l&#8217;industrie\" alt=\"Travailler dans l&#039;industrie\" loading=\"lazy\" \/><\/div>\n        <div class=\"bloc-text-image-btn-content\">\n                <div><h3>Would you like to work in the industry?<\/h3><\/div>\n        \n        \n                <div class=\"ele-block-text\">Take a variety of courses offered by the Canadian Avalanche Association, internationally recognized as one of the highest standards of certification for workers in the field of avalanche safety. (French only)<\/div>\n        \n                <div class=\"incidents-list-btn-wrapper\">\n            <a href=\"\/professionnels\" rel=\"nofollow\" class=\"elementor-button-link elementor-button elementor-size-md\" role=\"button\">\n                <span class=\"elementor-button-content-wrapper\">\n                    <span class=\"elementor-button-text\">Get more info<\/span>\n                <\/span>\n            <\/a>\n        <\/div>\n            <\/div>\n<\/div>\t\t\t\t<\/div>\n\t\t\t\t<\/div>\n\t\t\t\t<div class=\"elementor-element elementor-element-226f124 dark education-spec-bloc elementor-widget elementor-widget-avqc_bloc_img_text_btn\" data-id=\"226f124\" data-element_type=\"widget\" data-widget_type=\"avqc_bloc_img_text_btn.default\">\n\t\t\t\t<div class=\"elementor-widget-container\">\n\t\t\t\t\t<div class=\"bloc-text-image-btn-wrapper\">\n        <div><\/div>\n        <div class=\"bloc-text-image-btn-content\">\n                <div><h3>Want to learn more ?<\/h3><\/div>\n        \n        \n                <div class=\"ele-block-text\">Take a look at this page, which is overflowing with information about avalanche forming, avalanche problems, avalanche terrain, etc.  (French only)<\/div>\n        \n                <div class=\"incidents-list-btn-wrapper\">\n            <a href=\"https:\/\/avalanchequebec.ca\/information-sur-les-avalanches\" rel=\"nofollow\" class=\"elementor-button-link elementor-button elementor-size-md\" role=\"button\">\n                <span class=\"elementor-button-content-wrapper\">\n                    <span class=\"elementor-button-text\">View the guide<\/span>\n                <\/span>\n            <\/a>\n        <\/div>\n            <\/div>\n<\/div>\t\t\t\t<\/div>\n\t\t\t\t<\/div>\n\t\t\t\t\t<\/div>\n\t\t<\/div>\n\t\t\t\t\t<\/div>\n\t\t<\/section>\n\t\t\t\t\t<\/div>\n\t\t<\/div>\n\t\t\t\t\t<\/div>\n\t\t<\/section>\n\t\t\t\t<section class=\"elementor-section elementor-top-section elementor-element elementor-element-b330006 elementor-section-boxed elementor-section-height-default elementor-section-height-default\" data-id=\"b330006\" data-element_type=\"section\" data-settings=\"{&quot;background_background&quot;:&quot;classic&quot;}\">\n\t\t\t\t\t\t<div class=\"elementor-container elementor-column-gap-default\">\n\t\t\t\t\t<div class=\"elementor-column elementor-col-100 elementor-top-column elementor-element elementor-element-a36a23c\" data-id=\"a36a23c\" data-element_type=\"column\">\n\t\t\t<div class=\"elementor-widget-wrap elementor-element-populated\">\n\t\t\t\t\t\t<div class=\"elementor-element elementor-element-f6b3b4f elementor-widget elementor-widget-heading\" data-id=\"f6b3b4f\" data-element_type=\"widget\" data-widget_type=\"heading.default\">\n\t\t\t\t<div class=\"elementor-widget-container\">\n\t\t\t\t\t<h2 class=\"elementor-heading-title elementor-size-default\">30+<\/h2>\t\t\t\t<\/div>\n\t\t\t\t<\/div>\n\t\t\t\t<div class=\"elementor-element elementor-element-2273c80 elementor-widget elementor-widget-heading\" data-id=\"2273c80\" data-element_type=\"widget\" data-widget_type=\"heading.default\">\n\t\t\t\t<div class=\"elementor-widget-container\">\n\t\t\t\t\t<h2 class=\"elementor-heading-title elementor-size-default\">Case studies and accident reports <br>documented in Quebec<\/h2>\t\t\t\t<\/div>\n\t\t\t\t<\/div>\n\t\t\t\t<div class=\"elementor-element elementor-element-7073f77 elementor-widget elementor-widget-image\" data-id=\"7073f77\" data-element_type=\"widget\" data-widget_type=\"image.default\">\n\t\t\t\t<div class=\"elementor-widget-container\">\n\t\t\t\t\t\t\t\t\t\t\t\t\t\t\t\t<a href=\"https:\/\/avalanchequebec.ca\/rapports-accidents\/\">\n\t\t\t\t\t\t\t<img decoding=\"async\" src=\"https:\/\/avalanchequebec.ca\/wp-content\/uploads\/elementor\/thumbs\/Accident-avalanche-4-mars-2023-Credit-scaled-qfigt2oiqeb0s6xf9ywsxa3on0kefp67c33hw5y9yw.jpg\" title=\"Accident avalanche &#8211; 4 mars 2023 &#8211; Cr\u00e9dit\" alt=\"Accident avalanche - 4 mars 2023 - Cr\u00e9dit\" loading=\"lazy\" \/>\t\t\t\t\t\t\t\t<\/a>\n\t\t\t\t\t\t\t\t\t\t\t\t\t\t\t<\/div>\n\t\t\t\t<\/div>\n\t\t\t\t<div class=\"elementor-element elementor-element-9fcd328 elementor-widget elementor-widget-text-editor\" data-id=\"9fcd328\" data-element_type=\"widget\" data-widget_type=\"text-editor.default\">\n\t\t\t\t<div class=\"elementor-widget-container\">\n\t\t\t\t\t\t\t\t\t<p><i class=\"fas fa-map-marker-alt\"><\/i>  Mont Albert &#8211; March 4, 2023<br \/>Photo credit: Simon Petitclerc<\/p>\n\t\t\t\t\t\t\t\t<\/div>\n\t\t\t\t<\/div>\n\t\t\t\t<div class=\"elementor-element elementor-element-77ed274 elementor-align-left elementor-widget elementor-widget-button\" data-id=\"77ed274\" data-element_type=\"widget\" data-widget_type=\"button.default\">\n\t\t\t\t<div class=\"elementor-widget-container\">\n\t\t\t\t\t\t\t\t\t<div class=\"elementor-button-wrapper\">\n\t\t\t\t\t<a class=\"elementor-button elementor-button-link elementor-size-sm\" href=\"https:\/\/avalanchequebec.ca\/rapports-accidents\/\">\n\t\t\t\t\t\t<span class=\"elementor-button-content-wrapper\">\n\t\t\t\t\t\t\t\t\t<span class=\"elementor-button-text\">View the complete list of reports (FR)<\/span>\n\t\t\t\t\t<\/span>\n\t\t\t\t\t<\/a>\n\t\t\t\t<\/div>\n\t\t\t\t\t\t\t\t<\/div>\n\t\t\t\t<\/div>\n\t\t\t\t\t<\/div>\n\t\t<\/div>\n\t\t\t\t\t<\/div>\n\t\t<\/section>\n\t\t\t\t<\/div>\n\t\t","protected":false},"excerpt":{"rendered":"<p>AvalancheTerrain ? I&#8217;m ready to go On every outing 1 2 3 4 5 6 7 The daily process Start your day Avalanche Safety Trainings Avalanche safety, mountain travel, orienteering and\/or first aid in remote areas courses are all relevant to improving your mountain skills and ensuring you have a great day out. Learn more [&hellip;]<\/p>\n","protected":false},"author":96,"featured_media":0,"parent":0,"menu_order":0,"comment_status":"closed","ping_status":"closed","template":"","meta":{"_seopress_robots_primary_cat":"","_seopress_titles_title":"","_seopress_titles_desc":"","_seopress_robots_index":"","site-sidebar-layout":"no-sidebar","site-content-layout":"page-builder","ast-site-content-layout":"default","site-content-style":"default","site-sidebar-style":"default","ast-global-header-display":"","ast-banner-title-visibility":"","ast-main-header-display":"","ast-hfb-above-header-display":"","ast-hfb-below-header-display":"","ast-hfb-mobile-header-display":"","site-post-title":"disabled","ast-breadcrumbs-content":"","ast-featured-img":"disabled","footer-sml-layout":"","ast-disable-related-posts":"","theme-transparent-header-meta":"","adv-header-id-meta":"","stick-header-meta":"","header-above-stick-meta":"","header-main-stick-meta":"","header-below-stick-meta":"","astra-migrate-meta-layouts":"set","ast-page-background-enabled":"default","ast-page-background-meta":{"desktop":{"background-color":"","background-image":"","background-repeat":"repeat","background-position":"center center","background-size":"auto","background-attachment":"scroll","background-type":"","background-media":"","overlay-type":"","overlay-color":"","overlay-opacity":"","overlay-gradient":""},"tablet":{"background-color":"","background-image":"","background-repeat":"repeat","background-position":"center center","background-size":"auto","background-attachment":"scroll","background-type":"","background-media":"","overlay-type":"","overlay-color":"","overlay-opacity":"","overlay-gradient":""},"mobile":{"background-color":"","background-image":"","background-repeat":"repeat","background-position":"center center","background-size":"auto","background-attachment":"scroll","background-type":"","background-media":"","overlay-type":"","overlay-color":"","overlay-opacity":"","overlay-gradient":""}},"ast-content-background-meta":{"desktop":{"background-color":"var(--ast-global-color-5)","background-image":"","background-repeat":"repeat","background-position":"center center","background-size":"auto","background-attachment":"scroll","background-type":"","background-media":"","overlay-type":"","overlay-color":"","overlay-opacity":"","overlay-gradient":""},"tablet":{"background-color":"var(--ast-global-color-5)","background-image":"","background-repeat":"repeat","background-position":"center center","background-size":"auto","background-attachment":"scroll","background-type":"","background-media":"","overlay-type":"","overlay-color":"","overlay-opacity":"","overlay-gradient":""},"mobile":{"background-color":"var(--ast-global-color-5)","background-image":"","background-repeat":"repeat","background-position":"center center","background-size":"auto","background-attachment":"scroll","background-type":"","background-media":"","overlay-type":"","overlay-color":"","overlay-opacity":"","overlay-gradient":""}},"footnotes":""},"class_list":["post-35166","page","type-page","status-publish","hentry"],"_links":{"self":[{"href":"https:\/\/avalanchequebec.ca\/en\/wp-json\/wp\/v2\/pages\/35166","targetHints":{"allow":["GET"]}}],"collection":[{"href":"https:\/\/avalanchequebec.ca\/en\/wp-json\/wp\/v2\/pages"}],"about":[{"href":"https:\/\/avalanchequebec.ca\/en\/wp-json\/wp\/v2\/types\/page"}],"author":[{"embeddable":true,"href":"https:\/\/avalanchequebec.ca\/en\/wp-json\/wp\/v2\/users\/96"}],"replies":[{"embeddable":true,"href":"https:\/\/avalanchequebec.ca\/en\/wp-json\/wp\/v2\/comments?post=35166"}],"version-history":[{"count":35,"href":"https:\/\/avalanchequebec.ca\/en\/wp-json\/wp\/v2\/pages\/35166\/revisions"}],"predecessor-version":[{"id":38567,"href":"https:\/\/avalanchequebec.ca\/en\/wp-json\/wp\/v2\/pages\/35166\/revisions\/38567"}],"wp:attachment":[{"href":"https:\/\/avalanchequebec.ca\/en\/wp-json\/wp\/v2\/media?parent=35166"}],"curies":[{"name":"wp","href":"https:\/\/api.w.org\/{rel}","templated":true}]}}